{"id":3596,"date":"2025-08-23T20:56:13","date_gmt":"2025-08-23T18:56:13","guid":{"rendered":"https:\/\/dev.gigistravelworld.de\/?post_type=product&#038;p=3596"},"modified":"2026-01-19T17:39:10","modified_gmt":"2026-01-19T16:39:10","slug":"premium-sommertasche","status":"publish","type":"product","link":"https:\/\/dev.gigistravelworld.de\/fr\/shop\/summer-makeup-sets\/premium-sommertasche\/","title":{"rendered":"Premium Sommertasche"},"content":{"rendered":"<p>Die Premium-Sommertasche \u2013 Ihr perfekter Begleiter f\u00fcr den Urlaub!<\/p>\n<p>Mit ihrem eleganten Beigeton und der feinen Twill-Struktur passt die Tasche perfekt zu deinem Stil. Die schwarzen Kunstledergriffe setzen edle Akzente.<br \/>\nInnen findest du praktische F\u00e4cher, darunter eine Rei\u00dfverschlusstasche, zwei Seitentaschen und eine R\u00fccktasche \u2013 ideal zum Organisieren.<br \/>\nDer Magnetverschluss sorgt f\u00fcr Sicherheit, und mit den seitlichen Kn\u00f6pfen passt du die Gr\u00f6\u00dfe ganz einfach an.<\/p>\n<p>Funktionalit\u00e4t trifft auf zeitlose Eleganz \u2013 in dieser Tasche haben Sie alles dabei!<br \/>\n\u2714 Farbe: Beige mit schwarzen Tragegriffen<br \/>\n\u2714 Ger\u00e4umig &amp; praktisch<br \/>\n\u2714 Ma\u00dfe: 60 x 15 x 38,5 cm (ca.)<\/p>","protected":false},"excerpt":{"rendered":"<p>Stilvoll durch den Sommer \u2013 mit der Premium-Sommertasche in modernem Beige.<\/p>","protected":false},"featured_media":1309,"template":"","meta":{"_et_pb_use_builder":"","_et_pb_old_content":"","_et_gb_content_width":""},"product_brand":[63],"product_cat":[69],"product_tag":[],"class_list":{"0":"post-3596","1":"product","2":"type-product","3":"status-publish","4":"has-post-thumbnail","6":"product_brand-vegas-cosmetics-gmbh","7":"product_cat-summer-makeup-sets","9":"first","10":"instock","11":"shipping-taxable","12":"product-type-external"},"_links":{"self":[{"href":"https:\/\/dev.gigistravelworld.de\/fr\/wp-json\/wp\/v2\/product\/3596","targetHints":{"allow":["GET"]}}],"collection":[{"href":"https:\/\/dev.gigistravelworld.de\/fr\/wp-json\/wp\/v2\/product"}],"about":[{"href":"https:\/\/dev.gigistravelworld.de\/fr\/wp-json\/wp\/v2\/types\/product"}],"wp:featuredmedia":[{"embeddable":true,"href":"https:\/\/dev.gigistravelworld.de\/fr\/wp-json\/wp\/v2\/media\/1309"}],"wp:attachment":[{"href":"https:\/\/dev.gigistravelworld.de\/fr\/wp-json\/wp\/v2\/media?parent=3596"}],"wp:term":[{"taxonomy":"product_brand","embeddable":true,"href":"https:\/\/dev.gigistravelworld.de\/fr\/wp-json\/wp\/v2\/product_brand?post=3596"},{"taxonomy":"product_cat","embeddable":true,"href":"https:\/\/dev.gigistravelworld.de\/fr\/wp-json\/wp\/v2\/product_cat?post=3596"},{"taxonomy":"product_tag","embeddable":true,"href":"https:\/\/dev.gigistravelworld.de\/fr\/wp-json\/wp\/v2\/product_tag?post=3596"}],"curies":[{"name":"wp","href":"https:\/\/api.w.org\/{rel}","templated":true}]}}