{"id":3594,"date":"2025-08-23T20:56:13","date_gmt":"2025-08-23T18:56:13","guid":{"rendered":"https:\/\/dev.gigistravelworld.de\/?post_type=product&#038;p=3594"},"modified":"2026-01-19T17:10:20","modified_gmt":"2026-01-19T16:10:20","slug":"daily-essential-set-ref-3139","status":"publish","type":"product","link":"https:\/\/dev.gigistravelworld.de\/fr\/shop\/hautpflege\/pflegeserien\/daily-essential-set-ref-3139\/","title":{"rendered":"Daily Essential Set"},"content":{"rendered":"<p style=\"text-align: left;\"><strong>1. Aloe Vera Tagescreme<\/strong><\/p>\n<p>Verbessertes Hautbild. Gezielt abgestimmt auf die individuellen Bed\u00fcrfnisse Ihrer Gesichtshaut. Sorgt f\u00fcr glatte und weiche Haut. Sch\u00fctzt vor freien Radikalen.\u00a070% Aloe Vera Frischblattgel aus biologischem Anbau.\u00a0Ideal als Make-up Grundlage. <strong>2. Aloe Vera Duschgel &amp; Shampoo<\/strong> Reinigt sanft die Haut.\u00a0Enth\u00e4lt haarpflegende Bestandteile.\u00a0Ihre Haut wird weich und geschmeidig.\u00a0Der Schaum reinigt sanft. Ihre Haut nimmt gleichzeitig hautpflegende Substanzen von Aloe Vera auf.\u00a050% Aloe Vera. <strong>3. Aloe Vera Zahncreme<\/strong> Wirkungsvolle Vorbeugung gegen Parodontose und Karies.\u00a0Durch Fluor werden bakterielle Enzyme gehemmt und der hohe Anteil an Aloe Vera unterst\u00fctzt die Heilung von Verletzungen des Zahnfleischs und der gesamten Mundh\u00f6hle.\u00a050% Aloe Vera. Nur f\u00fcr Erwachsene<\/p>\n<div id=\"headingTwo\" class=\"panel-heading\" role=\"tab\">\n<h4 class=\"panel-title\"><a class=\"\" role=\"button\" href=\"https:\/\/www.vegascosmetics.de\/Products\/Details\/DailyEssentialSet#collapseTwo\" data-toggle=\"collapse\" data-parent=\"#accordion\" aria-expanded=\"true\" aria-controls=\"collapseTwo\">Anwendungsbeschreibung<\/a><\/h4>\n<\/div>\n<div id=\"collapseTwo\" class=\"panel-collapse collapse in\" role=\"tabpanel\" aria-labelledby=\"headingTwo\" aria-expanded=\"true\">\n<div class=\"panel-body rtddbr\"><strong>1. Aloe Vera Tagescreme<\/strong> Nach Reinigung der Haut im Gesicht, einschlie\u00dflich Hals und Dekolette auftragen, bis die Tagescreme vollst\u00e4ndig einmassiert wurde. <strong>2. Aloe Vera Duschgel &amp; Shampoo<\/strong> K\u00f6rper und Haare beim Duschen einmassieren und mit Wasser aussp\u00fclen. <strong>3. Aloe Vera Zahncreme<\/strong><\/div>\n<div><\/div>\n<div><\/div>\n<\/div>\n<div id=\"headingThree\" class=\"panel-heading\" role=\"tab\"><\/div>\n<div id=\"collapseThree\" class=\"panel-collapse collapse in\" role=\"tabpanel\" aria-labelledby=\"headingThree\" aria-expanded=\"true\">\n<div class=\"panel-body rtddbr\"><\/div>\n<\/div>","protected":false},"excerpt":{"rendered":"<p><strong><span class=\"precosmall\">Ref 3139 |<\/span><\/strong><\/p>\n<p>Bestehend aus:<\/p>\n<p>\u2022 1x Aloe Vera Tagescreme (Ref. 303)<br \/>\n\u2022 1x Aloe Vera Duschgel &amp; Shampoo (Ref. 313)<br \/>\n\u2022 1x Aloe Vera Zahncreme (Ref. 320)<\/p>\n<p><strong>GRATUIT\u00a0<\/strong>Badeschwamm<\/p>","protected":false},"featured_media":3927,"template":"","meta":{"_et_pb_use_builder":"off","_et_pb_old_content":"<p style=\"text-align: left\"><strong>1. Aloe Vera Tagescreme<\/strong><\/p>\r\nVerbessertes Hautbild. Gezielt abgestimmt auf die individuellen Bed\u00fcrfnisse Ihrer Gesichtshaut. Sorgt f\u00fcr glatte und weiche Haut. Sch\u00fctzt vor freien Radikalen.\u00a070% Aloe Vera Frischblattgel aus biologischem Anbau.\u00a0Ideal als Make-up Grundlage.\r\n\r\n<strong>2. Aloe Vera Duschgel & Shampoo<\/strong>\r\nReinigt sanft die Haut.\u00a0Enth\u00e4lt haarpflegende Bestandteile.\u00a0Ihre Haut wird weich und geschmeidig.\u00a0Der Schaum reinigt sanft. Ihre Haut nimmt gleichzeitig hautpflegende Substanzen von Aloe Vera auf.\u00a050% Aloe Vera.\r\n<strong>3. Aloe Vera Zahncreme<\/strong>\r\nWirkungsvolle Vorbeugung gegen Parodontose und Karies.\u00a0Durch Fluor werden bakterielle Enzyme gehemmt und der hohe Anteil an Aloe Vera unterst\u00fctzt die Heilung von Verletzungen des Zahnfleischs und der gesamten Mundh\u00f6hle.\u00a050% Aloe Vera.\r\n\r\nNur f\u00fcr Erwachsene\r\n\r\n\u00a0\r\n<div id=\"headingTwo\" class=\"panel-heading\" role=\"tab\">\r\n<h4 class=\"panel-title\"><a class=\"\" role=\"button\" href=\"https:\/\/www.vegascosmetics.de\/Products\/Details\/DailyEssentialSet#collapseTwo\" data-toggle=\"collapse\" data-parent=\"#accordion\" aria-expanded=\"true\" aria-controls=\"collapseTwo\">Anwendungsbeschreibung<\/a><\/h4>\r\n<\/div>\r\n<div id=\"collapseTwo\" class=\"panel-collapse collapse in\" role=\"tabpanel\" aria-labelledby=\"headingTwo\" aria-expanded=\"true\">\r\n<div class=\"panel-body rtddbr\"><strong>1. Aloe Vera Tagescreme<\/strong>\r\nNach Reinigung der Haut im Gesicht, einschlie\u00dflich Hals und Dekolette auftragen, bis die Tagescreme vollst\u00e4ndig einmassiert wurde.\r\n<strong>2. Aloe Vera Duschgel & Shampoo<\/strong>\r\nK\u00f6rper und Haare beim Duschen einmassieren und mit Wasser aussp\u00fclen.\r\n<strong>3. Aloe Vera Zahncreme<\/strong><\/div>\r\n<div><\/div>\r\n<div><\/div>\r\n<\/div>\r\n<div id=\"headingThree\" class=\"panel-heading\" role=\"tab\">\r\n<h4 class=\"panel-title\"><a class=\"\" role=\"button\" href=\"https:\/\/www.vegascosmetics.de\/Products\/Details\/DailyEssentialSet#collapseThree\" data-toggle=\"collapse\" data-parent=\"#accordion\" aria-expanded=\"true\" aria-controls=\"collapseThree\">Inhaltsstoffe | Zutaten<\/a><\/h4>\r\n<\/div>\r\n<div id=\"collapseThree\" class=\"panel-collapse collapse in\" role=\"tabpanel\" aria-labelledby=\"headingThree\" aria-expanded=\"true\">\r\n<div class=\"panel-body rtddbr\">\r\n\r\n<strong>1. Aloe Vera Tagescreme<\/strong>ALOE BARBADENSIS LEAF JUICE, AQUA(WATER), GLYCERIN, DISODIUM COCOAMPHODIACETATE, POLYSORBATE 20, PROPYLENE GLYCOL, DECYL GLUCOSIDE, DISODIUM COCOYL GLUTAMATE, BETAINE, COCAMIDOPROPYL BETAINE, PARFUM(FRAGRANCE), PHENOXYETHANOL, PYRUS CYDONIA FRUIT EXTRACT, HAMAMELIS VIRGINIANA LEAF EXTRACT, ROSMARINUS OFFICINALIS EXTRACT, SALVIA OFFICINALIS LEAF EXTRACT, THYMUS VULGARIS EXTRACT, MELISSA OFFICINALIS FLOWER\/LEAF\/STEM EXTRACT, ALLANTOIN, ETHYLHEXYLGLYCERIN, CITRIC ACID, POTASSIUM SORBATE, DISODIUM EDTA, ALPHA-ISOMETHYL IONONE, EUGENOL, GERANIOL, HEXYL CINNAMAL, LINALOOL.\r\n\r\n\u00a0\r\n\r\n<strong>2. Aloe Vera Duschgel & Shampoo<\/strong>\r\nAloe Barbadensis Leaf Juice, Sodium Laureth Sulfate, Aqua (Demineralized Water), Cocamidopropyl Betaine, Cocamide Dea, Sodium Chloride, Peg-7 Glyceryl Cocoate, Polyquaternium-7, Glycol Distearate, Triethanolamine, Parfum, Cocamide Mea, \u00a0Citric Acid, Sodium Benzoate, Potassium Sorbate, Methylchloroisothiazolinone, Methylisothiazolinone, Magnesium Nitrate, Magnesium Chloride, Limonene, \u00a0C.I. 19140, C.I.42051.\r\n<strong>3. Aloe Vera Zahncreme<\/strong>\r\nAloe Barbadensis Leaf Juice, Aqua (Demineralized Water), Hydrated Silica, Hydrogenated Starch Hydrolysate, Potassium Nitrate, Glycerin, Cellulose Gum, Mentha Piperita Oil,\u00a0Sodium Lauryl Sulfate, Sodium Saccharin, Aroma, Phenoxyethanol, Sodium Fluoride, Ethylhexyl-Glycerin, Citric Acid, Potassium Sorbate, Mentha Viridis Leaf Oil,\u00a0 Menthol, Beta-caryophyllene, Carvone, Pinene, Limonene. Natriumfluorid (1470 ppm F ion)\r\n\r\n<\/div>\r\n<\/div>","_et_gb_content_width":""},"product_brand":[63],"product_cat":[60,61,62],"product_tag":[],"class_list":{"0":"post-3594","1":"product","2":"type-product","3":"status-publish","4":"has-post-thumbnail","6":"product_brand-vegas-cosmetics-gmbh","7":"product_cat-hautpflege","8":"product_cat-pflegeserien","9":"product_cat-sonderangebote","11":"first","12":"instock","13":"shipping-taxable","14":"product-type-external"},"_links":{"self":[{"href":"https:\/\/dev.gigistravelworld.de\/fr\/wp-json\/wp\/v2\/product\/3594","targetHints":{"allow":["GET"]}}],"collection":[{"href":"https:\/\/dev.gigistravelworld.de\/fr\/wp-json\/wp\/v2\/product"}],"about":[{"href":"https:\/\/dev.gigistravelworld.de\/fr\/wp-json\/wp\/v2\/types\/product"}],"wp:featuredmedia":[{"embeddable":true,"href":"https:\/\/dev.gigistravelworld.de\/fr\/wp-json\/wp\/v2\/media\/3927"}],"wp:attachment":[{"href":"https:\/\/dev.gigistravelworld.de\/fr\/wp-json\/wp\/v2\/media?parent=3594"}],"wp:term":[{"taxonomy":"product_brand","embeddable":true,"href":"https:\/\/dev.gigistravelworld.de\/fr\/wp-json\/wp\/v2\/product_brand?post=3594"},{"taxonomy":"product_cat","embeddable":true,"href":"https:\/\/dev.gigistravelworld.de\/fr\/wp-json\/wp\/v2\/product_cat?post=3594"},{"taxonomy":"product_tag","embeddable":true,"href":"https:\/\/dev.gigistravelworld.de\/fr\/wp-json\/wp\/v2\/product_tag?post=3594"}],"curies":[{"name":"wp","href":"https:\/\/api.w.org\/{rel}","templated":true}]}}