{"id":3586,"date":"2025-08-23T20:56:13","date_gmt":"2025-08-23T18:56:13","guid":{"rendered":"https:\/\/dev.gigistravelworld.de\/?post_type=product&#038;p=3586"},"modified":"2026-01-19T18:12:05","modified_gmt":"2026-01-19T17:12:05","slug":"golden-drops-serum-50ml","status":"publish","type":"product","link":"https:\/\/dev.gigistravelworld.de\/fr\/shop\/makeup\/gesicht\/golden-drops-serum-50ml\/","title":{"rendered":"Golden Drops Serum 50ml"},"content":{"rendered":"<p>Dieses Serum verleiht dir eine nat\u00fcrliche Bronzefarbe, die mit einem dezenten goldenen Schimmer verf\u00fchrt und deiner Haut sofort einen strahlenden Glow verleiht. Es ist perfekt f\u00fcr Gesicht und K\u00f6rper und sorgt mit nur einem vielseitigen Produkt f\u00fcr einen gleichm\u00e4\u00dfigen Teint, der sich den ganzen Tag \u00fcber frisch und lebendig anf\u00fchlt.<\/p>\n<p>Durch die Kombination von Hyalurons\u00e4ure, Vitamin E und Jojoba\u00f6l wird die Haut intensiv mit Feuchtigkeit versorgt und gepflegt.<br \/>\n\u2022 Nat\u00fcrliche Bronzefarbe mit einem zarten goldenen Schimmer f\u00fcr einen luxuri\u00f6sen Glow.<br \/>\n\u2022 Ideal f\u00fcr Gesicht und K\u00f6rper \u2013 vereint Pflege und Farbe in einem Produkt.<br \/>\n\u2022 Gleicht den Hautton aus und revitalisiert deine Haut f\u00fcr einen gesunden, lebendigen Teint.<br \/>\n\u2022 Leichte Textur, die sich seidig anf\u00fchlt und deiner Haut einen gesunden, \u00f6lfreien Glanz verleiht.<br \/>\n\u2022 Geeignet f\u00fcr alle Hautt\u00f6ne und -typen \u2013 von hell bis dunkel, f\u00fcr eine ebenm\u00e4\u00dfige Haut.<br \/>\n\u2022 Sanfter Duft, der deine Sinne verw\u00f6hnt und die Anwendung zu einem luxuri\u00f6sen Erlebnis macht.<br \/>\n\u2022 Frei von Parabenen, Silikonen, Paraffinen und Mikroplastik \u2013 f\u00fcr eine sanfte, nat\u00fcrliche Pflege.<\/p>\n<p>Dieses Serum ist das perfekte Produkt, um deine Haut in eine braune, lebendige Sch\u00f6nheit zu verwandeln \u2013 einfach in der Anwendung und ideal f\u00fcr jeden Anlass.<\/p>\n<p>&nbsp;<\/p>\n<div id=\"headingTwo\" class=\"panel-heading\" role=\"tab\">\n<h4 class=\"panel-title\"><a class=\"\" role=\"button\" href=\"https:\/\/www.vegascosmetics.de\/Products\/Details\/GoldenDropsSerum#collapseTwo\" data-toggle=\"collapse\" data-parent=\"#accordion\" aria-expanded=\"true\" aria-controls=\"collapseTwo\">Anwendungsbeschreibung<\/a><\/h4>\n<\/div>\n<div id=\"collapseTwo\" class=\"panel-collapse collapse in\" role=\"tabpanel\" aria-labelledby=\"headingTwo\" aria-expanded=\"true\">\n<div class=\"panel-body rtddbr\">Vor Gebrauch gut sch\u00fctteln. Trage ein paar Tropfen auf die gew\u00fcnschten Hautbereiche auf. Direkt auf die saubere Haut auftragen oder mit deinem Tagesmake-up (oder Foundation) vermengen. Mit den Fingerspitzen verblenden, um ein nat\u00fcrliches, makelloses Finish zu erzielen. Sanft auf Gesicht, Hals, Dekollet\u00e9, Beine oder Arme einmassieren, um eine zus\u00e4tzliche Br\u00e4une und Ausstrahlung zu erzielen.<\/p>\n<p>\u2022 Kann sowohl im Gesicht als auch am K\u00f6rper verwendet werden.<br \/>\n\u2022 Haltbarkeit nach dem \u00d6ffnen: 12 Monate.<br \/>\n\u2022 An einem sicheren Ort, au\u00dferhalb der Reichweite von Kindern, aufbewahren.<\/p><\/div>\n<\/div>","protected":false},"excerpt":{"rendered":"<p>Leichtes Gesichtsserum, das der Haut eine nat\u00fcrliche Br\u00e4une und ein strahlendes Finish verleiht. Angereichert mit Hyalurons\u00e4ure und Jojoba\u00f6l, spendet es Feuchtigkeit und N\u00e4hrstoffe, w\u00e4hrend ein dezent goldener Schimmer f\u00fcr den perfekten Glow sorgt. Angenehm duftend.<\/p>","protected":false},"featured_media":1298,"template":"","meta":{"_et_pb_use_builder":"","_et_pb_old_content":"","_et_gb_content_width":""},"product_brand":[63],"product_cat":[72,53],"product_tag":[],"class_list":{"0":"post-3586","1":"product","2":"type-product","3":"status-publish","4":"has-post-thumbnail","6":"product_brand-vegas-cosmetics-gmbh","7":"product_cat-gesicht","8":"product_cat-makeup","10":"first","11":"instock","12":"shipping-taxable","13":"product-type-external"},"_links":{"self":[{"href":"https:\/\/dev.gigistravelworld.de\/fr\/wp-json\/wp\/v2\/product\/3586","targetHints":{"allow":["GET"]}}],"collection":[{"href":"https:\/\/dev.gigistravelworld.de\/fr\/wp-json\/wp\/v2\/product"}],"about":[{"href":"https:\/\/dev.gigistravelworld.de\/fr\/wp-json\/wp\/v2\/types\/product"}],"wp:featuredmedia":[{"embeddable":true,"href":"https:\/\/dev.gigistravelworld.de\/fr\/wp-json\/wp\/v2\/media\/1298"}],"wp:attachment":[{"href":"https:\/\/dev.gigistravelworld.de\/fr\/wp-json\/wp\/v2\/media?parent=3586"}],"wp:term":[{"taxonomy":"product_brand","embeddable":true,"href":"https:\/\/dev.gigistravelworld.de\/fr\/wp-json\/wp\/v2\/product_brand?post=3586"},{"taxonomy":"product_cat","embeddable":true,"href":"https:\/\/dev.gigistravelworld.de\/fr\/wp-json\/wp\/v2\/product_cat?post=3586"},{"taxonomy":"product_tag","embeddable":true,"href":"https:\/\/dev.gigistravelworld.de\/fr\/wp-json\/wp\/v2\/product_tag?post=3586"}],"curies":[{"name":"wp","href":"https:\/\/api.w.org\/{rel}","templated":true}]}}