{"id":3585,"date":"2025-08-23T20:56:13","date_gmt":"2025-08-23T18:56:13","guid":{"rendered":"https:\/\/dev.gigistravelworld.de\/?post_type=product&#038;p=3585"},"modified":"2026-01-19T17:12:09","modified_gmt":"2026-01-19T16:12:09","slug":"shimmerbodygel150ml","status":"publish","type":"product","link":"https:\/\/dev.gigistravelworld.de\/fr\/shop\/hautpflege\/koerper-haarpflege\/shimmerbodygel150ml\/","title":{"rendered":"Shimmer Body Gel 150ml"},"content":{"rendered":"<p>Dieses gl\u00e4nzende Bodygel verst\u00e4rkt die nat\u00fcrliche Br\u00e4une deiner Haut mit feinen Partikeln aus goldenem Mineralglitter. Angereichert mit pflegenden Aloe Vera- und Gurkenextrakten spendet es der Haut intensive Feuchtigkeit und sorgt f\u00fcr ein unglaublich weiches Hautgef\u00fchl. Die frische, schnell einziehende Textur zieht sofort ein und hinterl\u00e4sst keinen fettigen Film \u2013 ideal f\u00fcr die Anwendung auf Armen, Beinen, Dekollet\u00e9 oder sogar den Haaren. Der angenehme, frische Duft rundet das luxuri\u00f6se Pflegeerlebnis ab und sorgt f\u00fcr einen gl\u00e4nzenden, gleichm\u00e4\u00dfigen Teint.<\/p>\n<p>\u2022 Mit goldenen Partikeln mineralischen Ursprungs f\u00fcr einen zarten luxuri\u00f6sen Glanz.<br \/>\n\u2022 Kr\u00e4ftigt und revitalisiert die Haut.<br \/>\n\u2022 Macht die Haut weich und spendet intensive Feuchtigkeit, ohne sie zu fetten.<br \/>\n\u2022 Angereichert mit beruhigender Aloe Vera und erfrischendem Gurkenextrakt.<br \/>\n\u2022 Leichte, erfrischende Textur, die schnell einzieht und nicht klebt.<br \/>\n\u2022 Hinterl\u00e4sst keine Flecken auf der Kleidung.<br \/>\n\u2022 Sanfter, frischer Duft, der angenehm und nicht aufdringlich ist.<br \/>\n\u2022 Ideal f\u00fcr alle Haut- und Haartypen.<\/p>\n<p>Verleihe deinem Aussehen sofort einen raffinierten Glanz und einen eleganten goldenen Touch. Perfekt f\u00fcr besondere Anl\u00e4sse, Partys oder einfach, um im Alltag ein Gef\u00fchl von Luxus und Selbstbewusstsein zu erleben.<\/p>\n<div id=\"headingTwo\" class=\"panel-heading\" role=\"tab\">\n<h4 class=\"panel-title\"><a class=\"\" role=\"button\" href=\"https:\/\/www.vegascosmetics.de\/Products\/Details\/ShimmerBodyGel#collapseTwo\" data-toggle=\"collapse\" data-parent=\"#accordion\" aria-expanded=\"true\" aria-controls=\"collapseTwo\">Anwendungsbeschreibung<\/a><\/h4>\n<\/div>\n<div id=\"collapseTwo\" class=\"panel-collapse collapse in\" role=\"tabpanel\" aria-labelledby=\"headingTwo\" aria-expanded=\"true\">\n<div class=\"panel-body rtddbr\">\n<p>Vor Gebrauch gut sch\u00fctteln. Eine kleine Menge auf die gew\u00fcnschten Stellen auftragen und sanft einmassieren. Nicht auf empfindlicher oder irritierter Haut verwenden.<\/p>\n<p>\u2022 Kann sowohl auf feuchter als auch auf trockener Haut angewendet werden.<br \/>\n\u2022 Geeignet f\u00fcr K\u00f6rper und Haare.<br \/>\n\u2022 Haltbarkeit nach dem \u00d6ffnen: 12 Monate.<br \/>\n\u2022 An einem sicheren Ort, au\u00dferhalb der Reichweite von Kindern, aufbewahren.<\/p>\n<\/div>\n<\/div>","protected":false},"excerpt":{"rendered":"<p>Ein gl\u00e4nzendes Bodygel mit goldenem Glitter, das den Glanz und die Br\u00e4une deiner Haut intensiviert. Angereichert mit Aloe Vera und Gurkenextrakt, zieht es schnell ein und verleiht der Haut einen zarten Duft.<\/p>","protected":false},"featured_media":1297,"template":"","meta":{"_et_pb_use_builder":"","_et_pb_old_content":"","_et_gb_content_width":""},"product_brand":[63],"product_cat":[60,64],"product_tag":[],"class_list":{"0":"post-3585","1":"product","2":"type-product","3":"status-publish","4":"has-post-thumbnail","6":"product_brand-vegas-cosmetics-gmbh","7":"product_cat-hautpflege","8":"product_cat-koerper-haarpflege","10":"first","11":"instock","12":"shipping-taxable","13":"product-type-external"},"_links":{"self":[{"href":"https:\/\/dev.gigistravelworld.de\/fr\/wp-json\/wp\/v2\/product\/3585","targetHints":{"allow":["GET"]}}],"collection":[{"href":"https:\/\/dev.gigistravelworld.de\/fr\/wp-json\/wp\/v2\/product"}],"about":[{"href":"https:\/\/dev.gigistravelworld.de\/fr\/wp-json\/wp\/v2\/types\/product"}],"wp:featuredmedia":[{"embeddable":true,"href":"https:\/\/dev.gigistravelworld.de\/fr\/wp-json\/wp\/v2\/media\/1297"}],"wp:attachment":[{"href":"https:\/\/dev.gigistravelworld.de\/fr\/wp-json\/wp\/v2\/media?parent=3585"}],"wp:term":[{"taxonomy":"product_brand","embeddable":true,"href":"https:\/\/dev.gigistravelworld.de\/fr\/wp-json\/wp\/v2\/product_brand?post=3585"},{"taxonomy":"product_cat","embeddable":true,"href":"https:\/\/dev.gigistravelworld.de\/fr\/wp-json\/wp\/v2\/product_cat?post=3585"},{"taxonomy":"product_tag","embeddable":true,"href":"https:\/\/dev.gigistravelworld.de\/fr\/wp-json\/wp\/v2\/product_tag?post=3585"}],"curies":[{"name":"wp","href":"https:\/\/api.w.org\/{rel}","templated":true}]}}