{"id":3584,"date":"2025-08-23T20:56:13","date_gmt":"2025-08-23T18:56:13","guid":{"rendered":"https:\/\/dev.gigistravelworld.de\/?post_type=product&#038;p=3584"},"modified":"2026-01-19T17:55:42","modified_gmt":"2026-01-19T16:55:42","slug":"auto-lufterfrischer-mit-natuerlichem-diffuser-8-ml","status":"publish","type":"product","link":"https:\/\/dev.gigistravelworld.de\/fr\/shop\/duefte\/vegas-ambience\/auto-lufterfrischer-mit-natuerlichem-diffuser-8-ml\/","title":{"rendered":"Auto-Lufterfrischer mit nat\u00fcrlichem Diffuser 8 ml"},"content":{"rendered":"<p>8 ml Aroma\u00f6l-Diffusorfl\u00e4schchen f\u00fcr das Auto<br \/>\nPraktischer Clip zur Befestigung an der L\u00fcftung \u2013 sorgt f\u00fcr eine gleichm\u00e4\u00dfige und sanfte Duftverteilung.<\/p>\n<p>Quadratischer Deckel aus schwarzem Holz<br \/>\nMa\u00dfe: 2,5 x 7,2 cm<\/p>\n<p>Elegantes Design f\u00fcr dein Auto<br \/>\nNeun Duftrichtungen zur Auswahl.<\/p>\n<p><a href=\"https:\/\/www.vegascosmetics.pt\/de\/Products\/Details\/Autoairfreshener\"><span lang=\"EN-US\">\u00a0Erfahre mehr Sie hier<\/span><\/a><\/p>\n<div id=\"headingTwo\" class=\"panel-heading\" role=\"tab\">\n<h4 class=\"panel-title\"><a class=\"\" role=\"button\" href=\"https:\/\/www.vegascosmetics.de\/Products\/Details\/Autoairfreshener#collapseTwo\" data-toggle=\"collapse\" data-parent=\"#accordion\" aria-expanded=\"true\" aria-controls=\"collapseTwo\">Anwendungsbeschreibung<\/a><\/h4>\n<\/div>\n<div id=\"collapseTwo\" class=\"panel-collapse collapse in\" role=\"tabpanel\" aria-labelledby=\"headingTwo\" aria-expanded=\"true\">\n<div class=\"panel-body rtddbr\">\n<p>1. Ziehe\u00a0den Flaschenverschluss ab.<\/p>\n<p>2. Befestige den L\u00fcftungsclip am Innenverschluss, bevor du die Flasche wieder verschlie\u00dft.<\/p>\n<p>3. Verschlie\u00dfe die Flasche mit dem quadratischen schwarzen Deckel.<\/p>\n<p>4. Befestige nun den Diffuser (mit dem mitgelieferten Clip) an dem L\u00fcftungsgitter des Autos.<\/p>\n<\/div>\n<\/div>","protected":false},"excerpt":{"rendered":"<p>Genie\u00dfe auf jeder Fahrt einen Hauch von Luxus \u2013 dank eleganten Designs und angenehmem Duft.<\/p>","protected":false},"featured_media":1296,"template":"","meta":{"_et_pb_use_builder":"","_et_pb_old_content":"","_et_gb_content_width":""},"product_brand":[63],"product_cat":[22,29],"product_tag":[],"class_list":{"0":"post-3584","1":"product","2":"type-product","3":"status-publish","4":"has-post-thumbnail","6":"product_brand-vegas-cosmetics-gmbh","7":"product_cat-duefte","8":"product_cat-vegas-ambience","10":"first","11":"instock","12":"shipping-taxable","13":"product-type-external"},"_links":{"self":[{"href":"https:\/\/dev.gigistravelworld.de\/fr\/wp-json\/wp\/v2\/product\/3584","targetHints":{"allow":["GET"]}}],"collection":[{"href":"https:\/\/dev.gigistravelworld.de\/fr\/wp-json\/wp\/v2\/product"}],"about":[{"href":"https:\/\/dev.gigistravelworld.de\/fr\/wp-json\/wp\/v2\/types\/product"}],"wp:featuredmedia":[{"embeddable":true,"href":"https:\/\/dev.gigistravelworld.de\/fr\/wp-json\/wp\/v2\/media\/1296"}],"wp:attachment":[{"href":"https:\/\/dev.gigistravelworld.de\/fr\/wp-json\/wp\/v2\/media?parent=3584"}],"wp:term":[{"taxonomy":"product_brand","embeddable":true,"href":"https:\/\/dev.gigistravelworld.de\/fr\/wp-json\/wp\/v2\/product_brand?post=3584"},{"taxonomy":"product_cat","embeddable":true,"href":"https:\/\/dev.gigistravelworld.de\/fr\/wp-json\/wp\/v2\/product_cat?post=3584"},{"taxonomy":"product_tag","embeddable":true,"href":"https:\/\/dev.gigistravelworld.de\/fr\/wp-json\/wp\/v2\/product_tag?post=3584"}],"curies":[{"name":"wp","href":"https:\/\/api.w.org\/{rel}","templated":true}]}}