{"id":3581,"date":"2025-08-23T20:56:13","date_gmt":"2025-08-23T18:56:13","guid":{"rendered":"https:\/\/dev.gigistravelworld.de\/?post_type=product&#038;p=3581"},"modified":"2026-01-19T17:42:20","modified_gmt":"2026-01-19T16:42:20","slug":"staebchen-fuer-auto-diffusor","status":"publish","type":"product","link":"https:\/\/dev.gigistravelworld.de\/fr\/shop\/duefte\/vegas-ambience\/staebchen-fuer-auto-diffusor\/","title":{"rendered":"St\u00e4bchen f\u00fcr Auto-Diffusor"},"content":{"rendered":"<p>Duft-St\u00e4bchen als Ersatz f\u00fcr deinen Auto-Diffusor!<\/p>\n<p>Falls du den Duft in deinem Auto wechseln m\u00f6chtest oder das bisherige St\u00e4bchen nicht mehr genug Duft speichert, sind diese Ersatzst\u00e4bchen ideal. \u00dcber l\u00e4ngere Zeitr\u00e4ume k\u00f6nnen die Poren der St\u00e4bchen durch Schmutz, der durch das Gebl\u00e4se eindringt, blockiert werden. In diesem Fall kannst du die St\u00e4bchen einfach austauschen.<\/p>\n<p>\u2022 2er-Pack<br \/>\n\u2022 F\u00fcr Auto-Diffusor (Ref. 1541)<\/p>\n<p>Mit diesen St\u00e4bchen bleibt dein Auto stets duftend! Sie nehmen den Duft kontinuierlich auf und verbreiten ihn gleichm\u00e4\u00dfig, um eine angenehme und erfrischende Atmosph\u00e4re auf jeder Fahrt zu garantieren. Du kannst deinen Lieblingsduft f\u00fcr ein individuelles Dufterlebnis w\u00e4hlen.<\/p>\n<p>Genie\u00dfe jede Fahrt mit einer wohlriechenden Atmosph\u00e4re!<\/p>","protected":false},"excerpt":{"rendered":"<p>2 saugf\u00e4hige St\u00e4bchen f\u00fcr den Autodiffusor.<\/p>","protected":false},"featured_media":1292,"template":"","meta":{"_et_pb_use_builder":"","_et_pb_old_content":"","_et_gb_content_width":""},"product_brand":[63],"product_cat":[22,29],"product_tag":[],"class_list":{"0":"post-3581","1":"product","2":"type-product","3":"status-publish","4":"has-post-thumbnail","6":"product_brand-vegas-cosmetics-gmbh","7":"product_cat-duefte","8":"product_cat-vegas-ambience","10":"first","11":"instock","12":"shipping-taxable","13":"product-type-external"},"_links":{"self":[{"href":"https:\/\/dev.gigistravelworld.de\/fr\/wp-json\/wp\/v2\/product\/3581","targetHints":{"allow":["GET"]}}],"collection":[{"href":"https:\/\/dev.gigistravelworld.de\/fr\/wp-json\/wp\/v2\/product"}],"about":[{"href":"https:\/\/dev.gigistravelworld.de\/fr\/wp-json\/wp\/v2\/types\/product"}],"wp:featuredmedia":[{"embeddable":true,"href":"https:\/\/dev.gigistravelworld.de\/fr\/wp-json\/wp\/v2\/media\/1292"}],"wp:attachment":[{"href":"https:\/\/dev.gigistravelworld.de\/fr\/wp-json\/wp\/v2\/media?parent=3581"}],"wp:term":[{"taxonomy":"product_brand","embeddable":true,"href":"https:\/\/dev.gigistravelworld.de\/fr\/wp-json\/wp\/v2\/product_brand?post=3581"},{"taxonomy":"product_cat","embeddable":true,"href":"https:\/\/dev.gigistravelworld.de\/fr\/wp-json\/wp\/v2\/product_cat?post=3581"},{"taxonomy":"product_tag","embeddable":true,"href":"https:\/\/dev.gigistravelworld.de\/fr\/wp-json\/wp\/v2\/product_tag?post=3581"}],"curies":[{"name":"wp","href":"https:\/\/api.w.org\/{rel}","templated":true}]}}