{"id":3564,"date":"2025-08-23T20:56:06","date_gmt":"2025-08-23T18:56:06","guid":{"rendered":"https:\/\/dev.gigistravelworld.de\/?post_type=product&#038;p=3564"},"modified":"2026-01-19T18:54:23","modified_gmt":"2026-01-19T17:54:23","slug":"raumduft-nachfuellpack-cherry-bomb-500ml","status":"publish","type":"product","link":"https:\/\/dev.gigistravelworld.de\/fr\/shop\/duefte\/vegas-ambience\/raumduft-nachfuellpack-cherry-bomb-500ml\/","title":{"rendered":"Raumduft Nachf\u00fcllpack &#8211; Cherry Bomb 500ml"},"content":{"rendered":"<p>Die ideale L\u00f6sung f\u00fcr Wohn- und Schlafzimmer, B\u00fcros oder jeden Raum, der von einem angenehmen, konstanten Duft profitieren soll. Mit diesem Nachf\u00fcllpack verl\u00e4ngerst du die Lebensdauer deines Diffusors m\u00fchelos. Erlebe Duft auf h\u00f6chstem Niveau \u2013 funktional, effizient und nachhaltig. Praktisch, wirtschaftlich und umweltfreundlich.<\/p>\n<p><strong>Duft &#8211;\u00a0<\/strong><strong>CHERRY BOMB<\/strong><strong>:<\/strong>\u00a0<strong><br \/>\n<\/strong>Ein verf\u00fchrerischer Duft, der mit Noten von saftiger Kirsche, s\u00fc\u00dfer Mandel und einem Hauch Vanille begeistert. Dieser Duft vereint W\u00e4rme und S\u00fc\u00dfe auf elegante Weise und verleiht jedem Raum eine besondere, stilvolle Atmosph\u00e4re.<\/p>\n<p>&nbsp;<\/p>\n<div id=\"headingTwo\" class=\"panel-heading\" role=\"tab\">\n<h4 class=\"panel-title\"><a class=\"\" role=\"button\" href=\"https:\/\/www.vegascosmetics.de\/Products\/Details\/diffuserrefillcherrybomb#collapseTwo\" data-toggle=\"collapse\" data-parent=\"#accordion\" aria-expanded=\"true\" aria-controls=\"collapseTwo\">Anwendungsbeschreibung<\/a><\/h4>\n<\/div>\n<div id=\"collapseTwo\" class=\"panel-collapse collapse in\" role=\"tabpanel\" aria-labelledby=\"headingTwo\" aria-expanded=\"true\">\n<div class=\"panel-body rtddbr\">Die Anwendung der 500-ml-Nachf\u00fcllpackung ist ganz einfach: Nimm den Deckel deines Diffusors ab, gie\u00dfe den Inhalt der Nachf\u00fcllpackung in den Beh\u00e4lter und setze die St\u00e4bchen ein. F\u00fcr einen intensiveren Duft kannst du die St\u00e4bchen regelm\u00e4\u00dfig wenden \u2013 praktisch, schnell und wirkungsvoll!<\/div>\n<\/div>","protected":false},"excerpt":{"rendered":"<p>Der 500 ml Nachf\u00fcllpack f\u00fcr Ihren Lufterfrischer.<\/p>","protected":false},"featured_media":1256,"template":"","meta":{"_et_pb_use_builder":"","_et_pb_old_content":"","_et_gb_content_width":""},"product_brand":[63],"product_cat":[22,29],"product_tag":[],"class_list":{"0":"post-3564","1":"product","2":"type-product","3":"status-publish","4":"has-post-thumbnail","6":"product_brand-vegas-cosmetics-gmbh","7":"product_cat-duefte","8":"product_cat-vegas-ambience","10":"first","11":"instock","12":"shipping-taxable","13":"product-type-external"},"_links":{"self":[{"href":"https:\/\/dev.gigistravelworld.de\/fr\/wp-json\/wp\/v2\/product\/3564","targetHints":{"allow":["GET"]}}],"collection":[{"href":"https:\/\/dev.gigistravelworld.de\/fr\/wp-json\/wp\/v2\/product"}],"about":[{"href":"https:\/\/dev.gigistravelworld.de\/fr\/wp-json\/wp\/v2\/types\/product"}],"wp:featuredmedia":[{"embeddable":true,"href":"https:\/\/dev.gigistravelworld.de\/fr\/wp-json\/wp\/v2\/media\/1256"}],"wp:attachment":[{"href":"https:\/\/dev.gigistravelworld.de\/fr\/wp-json\/wp\/v2\/media?parent=3564"}],"wp:term":[{"taxonomy":"product_brand","embeddable":true,"href":"https:\/\/dev.gigistravelworld.de\/fr\/wp-json\/wp\/v2\/product_brand?post=3564"},{"taxonomy":"product_cat","embeddable":true,"href":"https:\/\/dev.gigistravelworld.de\/fr\/wp-json\/wp\/v2\/product_cat?post=3564"},{"taxonomy":"product_tag","embeddable":true,"href":"https:\/\/dev.gigistravelworld.de\/fr\/wp-json\/wp\/v2\/product_tag?post=3564"}],"curies":[{"name":"wp","href":"https:\/\/api.w.org\/{rel}","templated":true}]}}