{"id":3561,"date":"2025-08-23T20:56:05","date_gmt":"2025-08-23T18:56:05","guid":{"rendered":"https:\/\/dev.gigistravelworld.de\/?post_type=product&#038;p=3561"},"modified":"2026-01-19T19:14:44","modified_gmt":"2026-01-19T18:14:44","slug":"raumduft-mit-natuerlichem-diffusor-aloe-spa-150ml","status":"publish","type":"product","link":"https:\/\/dev.gigistravelworld.de\/fr\/shop\/duefte\/vegas-ambience\/raumduft-mit-natuerlichem-diffusor-aloe-spa-150ml\/","title":{"rendered":"Raumduft mit nat\u00fcrlichem Diffusor &#8211; Aloe Spa 150ml"},"content":{"rendered":"<p>Nat\u00fcrlicher Diffusor durch Rattanst\u00e4bchen<\/p>\n<p><strong>Duft &#8211;\u00a0<\/strong><strong>ALOE SPA:\u00a0<\/strong><br \/>\nEine milde, frische Note in Kombination mit Citrus und einem Hauch Aloe Vera.<\/p>\n<p>&nbsp;<\/p>\n<p>Jeder Diffusor wird mit 5 St\u00e4bchen und 3 dekorativen Blumen geliefert. Die Blumen k\u00f6nnen nach Belieben hinzugef\u00fcgt oder weggelassen werden.<\/p>\n<p>&nbsp;<\/p>\n<div id=\"headingTwo\" class=\"panel-heading\" role=\"tab\">\n<h4 class=\"panel-title\"><a class=\"\" role=\"button\" href=\"https:\/\/www.vegascosmetics.de\/Products\/Details\/Scentdiffusoraloespa#collapseTwo\" data-toggle=\"collapse\" data-parent=\"#accordion\" aria-expanded=\"true\" aria-controls=\"collapseTwo\">Anwendungsbeschreibung<\/a><\/h4>\n<\/div>\n<div id=\"collapseTwo\" class=\"panel-collapse collapse in\" role=\"tabpanel\" aria-labelledby=\"headingTwo\" aria-expanded=\"true\">\n<div class=\"panel-body rtddbr\">Die Duftintensit\u00e4t k\u00f6nnen Sie durch das reduzieren oder hinzuf\u00fcgen der St\u00e4bchen steuern. Alle 3-4 Tage k\u00f6nnen Sie die St\u00e4bchen wenden um eine h\u00f6here Duft Intensit\u00e4t zu erreichen.<br \/>\nWir w\u00fcnschen Ihnen ein angenehmes Wohlf\u00fchl-Erlebnis mit Vegas Ambiente!<\/div>\n<\/div>","protected":false},"excerpt":{"rendered":"<p>Hochwertige \u00d6le f\u00fcr ein langanhaltendes Dufterlebnis.<\/p>","protected":false},"featured_media":1253,"template":"","meta":{"_et_pb_use_builder":"","_et_pb_old_content":"","_et_gb_content_width":""},"product_brand":[63],"product_cat":[22,29],"product_tag":[],"class_list":{"0":"post-3561","1":"product","2":"type-product","3":"status-publish","4":"has-post-thumbnail","6":"product_brand-vegas-cosmetics-gmbh","7":"product_cat-duefte","8":"product_cat-vegas-ambience","10":"first","11":"instock","12":"shipping-taxable","13":"product-type-external"},"_links":{"self":[{"href":"https:\/\/dev.gigistravelworld.de\/fr\/wp-json\/wp\/v2\/product\/3561","targetHints":{"allow":["GET"]}}],"collection":[{"href":"https:\/\/dev.gigistravelworld.de\/fr\/wp-json\/wp\/v2\/product"}],"about":[{"href":"https:\/\/dev.gigistravelworld.de\/fr\/wp-json\/wp\/v2\/types\/product"}],"wp:featuredmedia":[{"embeddable":true,"href":"https:\/\/dev.gigistravelworld.de\/fr\/wp-json\/wp\/v2\/media\/1253"}],"wp:attachment":[{"href":"https:\/\/dev.gigistravelworld.de\/fr\/wp-json\/wp\/v2\/media?parent=3561"}],"wp:term":[{"taxonomy":"product_brand","embeddable":true,"href":"https:\/\/dev.gigistravelworld.de\/fr\/wp-json\/wp\/v2\/product_brand?post=3561"},{"taxonomy":"product_cat","embeddable":true,"href":"https:\/\/dev.gigistravelworld.de\/fr\/wp-json\/wp\/v2\/product_cat?post=3561"},{"taxonomy":"product_tag","embeddable":true,"href":"https:\/\/dev.gigistravelworld.de\/fr\/wp-json\/wp\/v2\/product_tag?post=3561"}],"curies":[{"name":"wp","href":"https:\/\/api.w.org\/{rel}","templated":true}]}}