{"id":3557,"date":"2025-08-23T20:56:05","date_gmt":"2025-08-23T18:56:05","guid":{"rendered":"https:\/\/dev.gigistravelworld.de\/?post_type=product&#038;p=3557"},"modified":"2026-01-19T19:35:05","modified_gmt":"2026-01-19T18:35:05","slug":"aetherisches-oel-relaxing-10ml","status":"publish","type":"product","link":"https:\/\/dev.gigistravelworld.de\/fr\/shop\/duefte\/vegas-ambience\/aetherisches-oel-relaxing-10ml\/","title":{"rendered":"\u00c4therisches \u00d6l Relaxing 10ml"},"content":{"rendered":"<p><strong>RELAXING:\u00a0<\/strong>Eine harmonische und beruhigende Komposition, in der der entspannende Duft von Lavendel auf die frische Leichtigkeit der Bergamotte und die sanfte S\u00fc\u00dfe von Vanille trifft. Perfekt, um eine ruhige und entspannte Atmosph\u00e4re zu schaffen.<\/p>","protected":false},"excerpt":{"rendered":"<p>Konzentrierte aromatische \u00d6le.<\/p>","protected":false},"featured_media":1249,"template":"","meta":{"_et_pb_use_builder":"","_et_pb_old_content":"","_et_gb_content_width":""},"product_brand":[63],"product_cat":[22,29],"product_tag":[],"class_list":{"0":"post-3557","1":"product","2":"type-product","3":"status-publish","4":"has-post-thumbnail","6":"product_brand-vegas-cosmetics-gmbh","7":"product_cat-duefte","8":"product_cat-vegas-ambience","10":"first","11":"instock","12":"shipping-taxable","13":"product-type-external"},"_links":{"self":[{"href":"https:\/\/dev.gigistravelworld.de\/fr\/wp-json\/wp\/v2\/product\/3557","targetHints":{"allow":["GET"]}}],"collection":[{"href":"https:\/\/dev.gigistravelworld.de\/fr\/wp-json\/wp\/v2\/product"}],"about":[{"href":"https:\/\/dev.gigistravelworld.de\/fr\/wp-json\/wp\/v2\/types\/product"}],"wp:featuredmedia":[{"embeddable":true,"href":"https:\/\/dev.gigistravelworld.de\/fr\/wp-json\/wp\/v2\/media\/1249"}],"wp:attachment":[{"href":"https:\/\/dev.gigistravelworld.de\/fr\/wp-json\/wp\/v2\/media?parent=3557"}],"wp:term":[{"taxonomy":"product_brand","embeddable":true,"href":"https:\/\/dev.gigistravelworld.de\/fr\/wp-json\/wp\/v2\/product_brand?post=3557"},{"taxonomy":"product_cat","embeddable":true,"href":"https:\/\/dev.gigistravelworld.de\/fr\/wp-json\/wp\/v2\/product_cat?post=3557"},{"taxonomy":"product_tag","embeddable":true,"href":"https:\/\/dev.gigistravelworld.de\/fr\/wp-json\/wp\/v2\/product_tag?post=3557"}],"curies":[{"name":"wp","href":"https:\/\/api.w.org\/{rel}","templated":true}]}}