{"id":3548,"date":"2025-08-23T20:56:05","date_gmt":"2025-08-23T18:56:05","guid":{"rendered":"https:\/\/dev.gigistravelworld.de\/?post_type=product&#038;p=3548"},"modified":"2026-01-19T19:41:47","modified_gmt":"2026-01-19T18:41:47","slug":"triangular-powder-puff-duo","status":"publish","type":"product","link":"https:\/\/dev.gigistravelworld.de\/fr\/shop\/makeup\/accessoires-makeup\/triangular-powder-puff-duo\/","title":{"rendered":"Triangular Powder Puff Duo"},"content":{"rendered":"<p>Unser dreieckiger Powder Puff ist der perfekte Begleiter f\u00fcr das makellose Auftragen deiner Puderprodukte. Hergestellt aus weichem, samtigem Stoff, zaubert er ein glattes und strahlendes Finish, das deinem Make-up den letzten Schliff verleiht.<\/p>\n<p>Dank des cleveren dreieckigen Designs passt er sich optimal allen Gesichtspartien an: Die abgerundete Seite eignet sich hervorragend f\u00fcr gr\u00f6\u00dfere Fl\u00e4chen, w\u00e4hrend die Spitze m\u00fchelos in kleine Bereiche wie Augenwinkel, Nase und Lippenkonturen gelangt.<\/p>\n<p>Mit einer praktischen Halteschlaufe f\u00fcr eine pr\u00e4zise Anwendung \u2013 er mattiert, gl\u00e4ttet und fixiert das Make-up f\u00fcr ein perfektes, ebenm\u00e4\u00dfiges Ergebnis.<\/p>\n<p>&nbsp;<\/p>\n<div id=\"headingTwo\" class=\"panel-heading\" role=\"tab\">\n<h4 class=\"panel-title\"><a class=\"\" role=\"button\" href=\"https:\/\/www.vegascosmetics.de\/Products\/Details\/TriangularPowderPuffDuo#collapseTwo\" data-toggle=\"collapse\" data-parent=\"#accordion\" aria-expanded=\"true\" aria-controls=\"collapseTwo\">Anwendungsbeschreibung<\/a><\/h4>\n<\/div>\n<div id=\"collapseTwo\" class=\"panel-collapse collapse in\" role=\"tabpanel\" aria-labelledby=\"headingTwo\" aria-expanded=\"true\">\n<div class=\"panel-body rtddbr\">\u2022 Einfache und makellose Anwendung<br \/>\n\u2022 Fixiert und gl\u00e4ttet das Make-up<br \/>\n\u2022 Ideal f\u00fcr schnelle Nachbesserungen<br \/>\n\u2022 Waschbar und mehrfach verwendbar<br \/>\n\u2022 Set mit zwei Einheiten<br \/>\n\u2022 Material: 100 % Baumwolloberfl\u00e4che, 100 % Polyesterf\u00fcllung<\/div>\n<\/div>","protected":false},"excerpt":{"rendered":"<p>Unser Set aus zwei dreieckigen Samtquasten sorgt f\u00fcr ein perfektes, gleichm\u00e4\u00dfiges Finish beim Auftragen von Puderprodukten \u2013 f\u00fcr ein m\u00fcheloses, makelloses Ergebnis.<\/p>","protected":false},"featured_media":1229,"template":"","meta":{"_et_pb_use_builder":"","_et_pb_old_content":"","_et_gb_content_width":""},"product_brand":[63],"product_cat":[73,53],"product_tag":[],"class_list":{"0":"post-3548","1":"product","2":"type-product","3":"status-publish","4":"has-post-thumbnail","6":"product_brand-vegas-cosmetics-gmbh","7":"product_cat-accessoires-makeup","8":"product_cat-makeup","10":"first","11":"instock","12":"shipping-taxable","13":"product-type-external"},"_links":{"self":[{"href":"https:\/\/dev.gigistravelworld.de\/fr\/wp-json\/wp\/v2\/product\/3548","targetHints":{"allow":["GET"]}}],"collection":[{"href":"https:\/\/dev.gigistravelworld.de\/fr\/wp-json\/wp\/v2\/product"}],"about":[{"href":"https:\/\/dev.gigistravelworld.de\/fr\/wp-json\/wp\/v2\/types\/product"}],"wp:featuredmedia":[{"embeddable":true,"href":"https:\/\/dev.gigistravelworld.de\/fr\/wp-json\/wp\/v2\/media\/1229"}],"wp:attachment":[{"href":"https:\/\/dev.gigistravelworld.de\/fr\/wp-json\/wp\/v2\/media?parent=3548"}],"wp:term":[{"taxonomy":"product_brand","embeddable":true,"href":"https:\/\/dev.gigistravelworld.de\/fr\/wp-json\/wp\/v2\/product_brand?post=3548"},{"taxonomy":"product_cat","embeddable":true,"href":"https:\/\/dev.gigistravelworld.de\/fr\/wp-json\/wp\/v2\/product_cat?post=3548"},{"taxonomy":"product_tag","embeddable":true,"href":"https:\/\/dev.gigistravelworld.de\/fr\/wp-json\/wp\/v2\/product_tag?post=3548"}],"curies":[{"name":"wp","href":"https:\/\/api.w.org\/{rel}","templated":true}]}}