{"id":3193,"date":"2025-08-23T20:54:37","date_gmt":"2025-08-23T18:54:37","guid":{"rendered":"https:\/\/dev.gigistravelworld.de\/?post_type=product&#038;p=3193"},"modified":"2026-01-19T22:21:13","modified_gmt":"2026-01-19T21:21:13","slug":"aloe-vera-handcreme-100ml","status":"publish","type":"product","link":"https:\/\/dev.gigistravelworld.de\/fr\/shop\/hautpflege\/koerper-haarpflege\/aloe-vera-handcreme-100ml\/","title":{"rendered":"Aloe Vera Handcreme 100ml"},"content":{"rendered":"<p>Aloe Vera Handcreme mit pflegenden, sch\u00fctzenden Inhaltsstoffen aus 70% Aloe Vera.\u00a0Regelm\u00e4\u00dfige Anwendung erh\u00e4lt die Geschmeidigkeit und Elastizit\u00e4t der Haut. Zieht sofort ein und fettet nicht!\u00a070% Aloe Vera Frischblattgel aus biologischem Anbau<\/p>\n<p>&nbsp;<\/p>\n<div id=\"headingTwo\" class=\"panel-heading\" role=\"tab\">\n<h4 class=\"panel-title\"><a class=\"\" role=\"button\" href=\"https:\/\/www.vegascosmetics.de\/Products\/Details\/HandCream#collapseTwo\" data-toggle=\"collapse\" data-parent=\"#accordion\" aria-expanded=\"true\" aria-controls=\"collapseTwo\">Anwendungsbeschreibung<\/a><\/h4>\n<\/div>\n<div id=\"collapseTwo\" class=\"panel-collapse collapse in\" role=\"tabpanel\" aria-labelledby=\"headingTwo\" aria-expanded=\"true\">\n<div class=\"panel-body rtddbr\">F\u00fcr die t\u00e4gliche Anwendung.<\/div>\n<\/div>","protected":false},"excerpt":{"rendered":"<p>Unterst\u00fctzt die Geschmeidigkeit und Elastizit\u00e4t der Haut,\u00a0aus\u00a070% Aloe Vera Frischblattgel aus biologischem Anbau.<\/p>","protected":false},"featured_media":335,"template":"","meta":{"_et_pb_use_builder":"","_et_pb_old_content":"","_et_gb_content_width":""},"product_brand":[63],"product_cat":[60,64],"product_tag":[],"class_list":{"0":"post-3193","1":"product","2":"type-product","3":"status-publish","4":"has-post-thumbnail","6":"product_brand-vegas-cosmetics-gmbh","7":"product_cat-hautpflege","8":"product_cat-koerper-haarpflege","10":"first","11":"instock","12":"featured","13":"shipping-taxable","14":"product-type-external"},"_links":{"self":[{"href":"https:\/\/dev.gigistravelworld.de\/fr\/wp-json\/wp\/v2\/product\/3193","targetHints":{"allow":["GET"]}}],"collection":[{"href":"https:\/\/dev.gigistravelworld.de\/fr\/wp-json\/wp\/v2\/product"}],"about":[{"href":"https:\/\/dev.gigistravelworld.de\/fr\/wp-json\/wp\/v2\/types\/product"}],"wp:featuredmedia":[{"embeddable":true,"href":"https:\/\/dev.gigistravelworld.de\/fr\/wp-json\/wp\/v2\/media\/335"}],"wp:attachment":[{"href":"https:\/\/dev.gigistravelworld.de\/fr\/wp-json\/wp\/v2\/media?parent=3193"}],"wp:term":[{"taxonomy":"product_brand","embeddable":true,"href":"https:\/\/dev.gigistravelworld.de\/fr\/wp-json\/wp\/v2\/product_brand?post=3193"},{"taxonomy":"product_cat","embeddable":true,"href":"https:\/\/dev.gigistravelworld.de\/fr\/wp-json\/wp\/v2\/product_cat?post=3193"},{"taxonomy":"product_tag","embeddable":true,"href":"https:\/\/dev.gigistravelworld.de\/fr\/wp-json\/wp\/v2\/product_tag?post=3193"}],"curies":[{"name":"wp","href":"https:\/\/api.w.org\/{rel}","templated":true}]}}