{"id":3185,"date":"2025-08-23T20:54:36","date_gmt":"2025-08-23T18:54:36","guid":{"rendered":"https:\/\/dev.gigistravelworld.de\/?post_type=product&#038;p=3185"},"modified":"2026-01-19T20:56:13","modified_gmt":"2026-01-19T19:56:13","slug":"aloe-vera-regenerationscreme-250ml","status":"publish","type":"product","link":"https:\/\/dev.gigistravelworld.de\/fr\/shop\/hautpflege\/koerper-haarpflege\/spezialbehandlung\/aloe-vera-regenerationscreme-250ml\/","title":{"rendered":"Aloe Vera Regenerationscreme 250ml"},"content":{"rendered":"<p>Ganzk\u00f6rpercreme, mit hohem Anteil an nat\u00fcrlichen Wirkstoffen f\u00fcr jeden Hauttyp geeignet. Nat\u00fcrliches Aloe Vera und natives Oliven\u00f6l extra in Kombination mit Bienenwachs und wertvollen \u00d6len wie Argan und Hagebutte versorgen die Haut mit Feuchtigkeit und pflegt diese zugleich. Besonders empfehlenswert bei gereizter, sensibler und trockener Haut.<\/p>\n<p>&nbsp;<\/p>\n<div id=\"headingTwo\" class=\"panel-heading\" role=\"tab\">\n<h4 class=\"panel-title\"><a class=\"\" role=\"button\" href=\"https:\/\/www.vegascosmetics.de\/Products\/Details\/IntensiveRegenerationCream#collapseTwo\" data-toggle=\"collapse\" data-parent=\"#accordion\" aria-expanded=\"true\" aria-controls=\"collapseTwo\">Anwendungsbeschreibung<\/a><\/h4>\n<\/div>\n<div id=\"collapseTwo\" class=\"panel-collapse collapse in\" role=\"tabpanel\" aria-labelledby=\"headingTwo\" aria-expanded=\"true\">\n<div class=\"panel-body rtddbr\">\n<p><span lang=\"DE\">Die Creme auftragen und leicht einmassieren.<\/span><\/p>\n<\/div>\n<\/div>","protected":false},"excerpt":{"rendered":"<p>Pflegt und regeneriert zugleich.<\/p>","protected":false},"featured_media":327,"template":"","meta":{"_et_pb_use_builder":"","_et_pb_old_content":"","_et_gb_content_width":""},"product_brand":[63],"product_cat":[60,64,75],"product_tag":[],"class_list":{"0":"post-3185","1":"product","2":"type-product","3":"status-publish","4":"has-post-thumbnail","6":"product_brand-vegas-cosmetics-gmbh","7":"product_cat-hautpflege","8":"product_cat-koerper-haarpflege","9":"product_cat-spezialbehandlung","11":"first","12":"instock","13":"featured","14":"shipping-taxable","15":"product-type-external"},"_links":{"self":[{"href":"https:\/\/dev.gigistravelworld.de\/fr\/wp-json\/wp\/v2\/product\/3185","targetHints":{"allow":["GET"]}}],"collection":[{"href":"https:\/\/dev.gigistravelworld.de\/fr\/wp-json\/wp\/v2\/product"}],"about":[{"href":"https:\/\/dev.gigistravelworld.de\/fr\/wp-json\/wp\/v2\/types\/product"}],"wp:featuredmedia":[{"embeddable":true,"href":"https:\/\/dev.gigistravelworld.de\/fr\/wp-json\/wp\/v2\/media\/327"}],"wp:attachment":[{"href":"https:\/\/dev.gigistravelworld.de\/fr\/wp-json\/wp\/v2\/media?parent=3185"}],"wp:term":[{"taxonomy":"product_brand","embeddable":true,"href":"https:\/\/dev.gigistravelworld.de\/fr\/wp-json\/wp\/v2\/product_brand?post=3185"},{"taxonomy":"product_cat","embeddable":true,"href":"https:\/\/dev.gigistravelworld.de\/fr\/wp-json\/wp\/v2\/product_cat?post=3185"},{"taxonomy":"product_tag","embeddable":true,"href":"https:\/\/dev.gigistravelworld.de\/fr\/wp-json\/wp\/v2\/product_tag?post=3185"}],"curies":[{"name":"wp","href":"https:\/\/api.w.org\/{rel}","templated":true}]}}