{"id":3182,"date":"2025-08-23T20:54:36","date_gmt":"2025-08-23T18:54:36","guid":{"rendered":"https:\/\/dev.gigistravelworld.de\/?post_type=product&#038;p=3182"},"modified":"2026-01-19T20:30:28","modified_gmt":"2026-01-19T19:30:28","slug":"aloe-vera-tagescreme-50-ml","status":"publish","type":"product","link":"https:\/\/dev.gigistravelworld.de\/fr\/shop\/hautpflege\/gesichtspflege\/aloe-vera-tagescreme-50-ml\/","title":{"rendered":"Aloe Vera Tagescreme 50 ml"},"content":{"rendered":"<p>Verbessertes Hautbild. Gezielt abgestimmt auf die individuellen Bed\u00fcrfnisse Ihrer Gesichtshaut. Sorgt f\u00fcr glatte und weiche Haut. Sch\u00fctzt vor freien Radikalen.\u00a070% Aloe Vera Frischblattgel aus biologischem Anbau.\u00a0Ideal als Make-up Grundlage.<\/p>\n<p>&nbsp;<\/p>\n<div id=\"headingTwo\" class=\"panel-heading\" role=\"tab\">\n<h4 class=\"panel-title\"><a class=\"\" role=\"button\" href=\"https:\/\/www.vegascosmetics.de\/Products\/Details\/AloeVeraDayCream#collapseTwo\" data-toggle=\"collapse\" data-parent=\"#accordion\" aria-expanded=\"true\" aria-controls=\"collapseTwo\">Anwendungsbeschreibung<\/a><\/h4>\n<\/div>\n<div id=\"collapseTwo\" class=\"panel-collapse collapse in\" role=\"tabpanel\" aria-labelledby=\"headingTwo\" aria-expanded=\"true\">\n<div class=\"panel-body rtddbr\">Nach Reinigung der Haut im Gesicht, einschlie\u00dflich Hals und Dekolette auftragen, bis die Tagescreme vollst\u00e4ndig einmassiert wurde.<\/div>\n<\/div>","protected":false},"excerpt":{"rendered":"<p>Zarte feuchtigkeitsspendende Tagescreme,\u00a070% Aloe Vera Frischblattgel aus biologischem Anbau.<\/p>","protected":false},"featured_media":324,"template":"","meta":{"_et_pb_use_builder":"","_et_pb_old_content":"","_et_gb_content_width":""},"product_brand":[63],"product_cat":[74,60],"product_tag":[],"class_list":{"0":"post-3182","1":"product","2":"type-product","3":"status-publish","4":"has-post-thumbnail","6":"product_brand-vegas-cosmetics-gmbh","7":"product_cat-gesichtspflege","8":"product_cat-hautpflege","10":"first","11":"instock","12":"featured","13":"shipping-taxable","14":"product-type-external"},"_links":{"self":[{"href":"https:\/\/dev.gigistravelworld.de\/fr\/wp-json\/wp\/v2\/product\/3182","targetHints":{"allow":["GET"]}}],"collection":[{"href":"https:\/\/dev.gigistravelworld.de\/fr\/wp-json\/wp\/v2\/product"}],"about":[{"href":"https:\/\/dev.gigistravelworld.de\/fr\/wp-json\/wp\/v2\/types\/product"}],"wp:featuredmedia":[{"embeddable":true,"href":"https:\/\/dev.gigistravelworld.de\/fr\/wp-json\/wp\/v2\/media\/324"}],"wp:attachment":[{"href":"https:\/\/dev.gigistravelworld.de\/fr\/wp-json\/wp\/v2\/media?parent=3182"}],"wp:term":[{"taxonomy":"product_brand","embeddable":true,"href":"https:\/\/dev.gigistravelworld.de\/fr\/wp-json\/wp\/v2\/product_brand?post=3182"},{"taxonomy":"product_cat","embeddable":true,"href":"https:\/\/dev.gigistravelworld.de\/fr\/wp-json\/wp\/v2\/product_cat?post=3182"},{"taxonomy":"product_tag","embeddable":true,"href":"https:\/\/dev.gigistravelworld.de\/fr\/wp-json\/wp\/v2\/product_tag?post=3182"}],"curies":[{"name":"wp","href":"https:\/\/api.w.org\/{rel}","templated":true}]}}